{"id":6585,"date":"2024-05-09T12:05:45","date_gmt":"2024-05-09T08:05:45","guid":{"rendered":"https:\/\/bakhvihpp.com\/?page_id=6585"},"modified":"2024-05-09T12:42:37","modified_gmt":"2024-05-09T08:42:37","slug":"archil-dzneladze","status":"publish","type":"page","link":"https:\/\/bakhvihpp.com\/en\/archil-dzneladze\/","title":{"rendered":"Archil Dzeneladze"},"content":{"rendered":"<div data-elementor-type=\"wp-page\" data-elementor-id=\"6585\" class=\"elementor elementor-6585\">\n\t\t\t\t<div class=\"elementor-element elementor-element-03203e5 e-grid e-con-boxed e-con e-parent\" data-id=\"03203e5\" data-element_type=\"container\" data-e-type=\"container\">\n\t\t\t\t\t<div class=\"e-con-inner\">\n\t\t\t\t<div class=\"elementor-element elementor-element-d812a92 elementor-widget elementor-widget-image\" data-id=\"d812a92\" data-element_type=\"widget\" data-e-type=\"widget\" data-settings=\"{&quot;_animation&quot;:&quot;none&quot;}\" data-widget_type=\"image.default\">\n\t\t\t\t<div class=\"elementor-widget-container\">\n\t\t\t\t\t\t\t\t\t\t\t\t\t\t\t<img fetchpriority=\"high\" decoding=\"async\" width=\"1400\" height=\"2100\" src=\"https:\/\/bakhvihpp.com\/wp-content\/uploads\/2024\/05\/2.-A.-Dzneladze.jpg\" class=\"attachment-full size-full wp-image-6558\" alt=\"\" srcset=\"https:\/\/bakhvihpp.com\/wp-content\/uploads\/2024\/05\/2.-A.-Dzneladze.jpg 1400w, https:\/\/bakhvihpp.com\/wp-content\/uploads\/2024\/05\/2.-A.-Dzneladze-200x300.jpg.webp 200w, https:\/\/bakhvihpp.com\/wp-content\/uploads\/2024\/05\/2.-A.-Dzneladze-683x1024.jpg.webp 683w, https:\/\/bakhvihpp.com\/wp-content\/uploads\/2024\/05\/2.-A.-Dzneladze-768x1152.jpg.webp 768w, https:\/\/bakhvihpp.com\/wp-content\/uploads\/2024\/05\/2.-A.-Dzneladze-1024x1536.jpg.webp 1024w, https:\/\/bakhvihpp.com\/wp-content\/uploads\/2024\/05\/2.-A.-Dzneladze-1365x2048.jpg.webp 1365w, https:\/\/bakhvihpp.com\/wp-content\/uploads\/2024\/05\/2.-A.-Dzneladze-8x12.jpg.webp 8w\" sizes=\"(max-width: 1400px) 100vw, 1400px\" \/>\t\t\t\t\t\t\t\t\t\t\t\t\t\t\t<\/div>\n\t\t\t\t<\/div>\n\t\t<div class=\"elementor-element elementor-element-e28a3a7 e-flex e-con-boxed e-con e-child\" data-id=\"e28a3a7\" data-element_type=\"container\" data-e-type=\"container\" data-settings=\"{&quot;animation&quot;:&quot;none&quot;}\">\n\t\t\t\t\t<div class=\"e-con-inner\">\n\t\t\t\t<div class=\"elementor-element elementor-element-9c9c7cb elementor-widget elementor-widget-heading\" data-id=\"9c9c7cb\" data-element_type=\"widget\" data-e-type=\"widget\" data-widget_type=\"heading.default\">\n\t\t\t\t<div class=\"elementor-widget-container\">\n\t\t\t\t\t<h2 class=\"elementor-heading-title elementor-size-default\">Archil Dzneladze - \n\nTechnical Director, Bakhvi HPP Company    \n<\/h2>\t\t\t\t<\/div>\n\t\t\t\t<\/div>\n\t\t\t\t<div class=\"elementor-element elementor-element-b64d634 elementor-widget elementor-widget-text-editor\" data-id=\"b64d634\" data-element_type=\"widget\" data-e-type=\"widget\" data-widget_type=\"text-editor.default\">\n\t\t\t\t<div class=\"elementor-widget-container\">\n\t\t\t\t\t\t\t\t\t<p>Mr. Dzneladze started working at Bakhvi HPP Company in 2022. His role entails overseeing the management and ensuring the successful implementation of the technical aspects of both the Bakhvi 1 and Bakhvi 2 hydroelectric power plants, boasting a combined capacity of 48 MW. He has 37 years of work experience in both the private and public sectors. Since 2015, he has been the founder and technical director of Austrian Georgia Development. One of the most significant projects of the company is the construction and management of the Lakhami 1 and Lakhami 2 hydropower plants. He serves as the managing partner for companies like Energy Solutions LLC, Trading Solutions LLC, and Energy-Aragvi LLC. Since 2013, he has been the local project manager for the international company Posh &amp; Partners, in addition to his role as director at Tesla LLC.<\/p><p>From 2010 to 2013, he was engaged in the state electricity system, focusing on a developmental project aimed at aligning Georgia's electricity infrastructure with the demands for increased supply. From 2010 to 2013, he also served as a technical expert for the Kreditanstalt f\u00fcr Wiederaufbau (KfW) development bank. Before this role, from 2007 to 2009, he represented \u00c9lectricit\u00e9 de France (EDF) within UkrHydroEnergy, a Ukrainian company. His career commenced in 1987, and over the years, he held various high-level positions in both Georgian and international energy firms. \u00a0<\/p><p>Mr. Dzneladze is a graduate of the Technical University of Georgia, holding a degree in electrical engineering. Moreover, he obtained a diploma in management from the same institution, graduating in the class of 1994.<\/p>\t\t\t\t\t\t\t\t<\/div>\n\t\t\t\t<\/div>\n\t\t\t\t\t<\/div>\n\t\t\t\t<\/div>\n\t\t\t\t\t<\/div>\n\t\t\t\t<\/div>\n\t\t\t\t<\/div>","protected":false},"excerpt":{"rendered":"<p>\u10d0\u10e0\u10e9\u10d8\u10da \u10eb\u10dc\u10d4\u10da\u10d0\u10eb\u10d4 &#8211; \u10d9\u10dd\u10db\u10de\u10d0\u10dc\u10d8\u10d0 \u10d1\u10d0\u10ee\u10d5\u10d8 \u10f0\u10d4\u10e1\u10d8\u10e1 \u10de\u10e0\u10dd\u10d4\u10e5\u10e2\u10d8\u10e1 \u10e2\u10d4\u10e5\u10dc\u10d8\u10d9\u10e3\u10e0\u10d8 \u10d3\u10d8\u10e0\u10d4\u10e5\u10e2\u10dd\u10e0\u10d8 \u10d1\u10d0\u10e2\u10dd\u10dc\u10db\u10d0 \u10d0\u10e0\u10e9\u10d8\u10da\u10db\u10d0 \u10d9\u10dd\u10db\u10de\u10d0\u10dc\u10d8\u10d0 \u10d1\u10d0\u10ee\u10d5\u10d8 \u10f0\u10d4\u10e1\u10e8\u10d8 \u10db\u10e3\u10e8\u10d0\u10dd\u10d1\u10d0 \u10d3\u10d0\u10d8\u10ec\u10e7\u10dd 2022 \u10ec\u10d4\u10da\u10e1. \u10d8\u10d2\u10d8 \u10de\u10d0\u10e1\u10e3\u10ee\u10d8\u10e1\u10db\u10d2\u10d4\u10d1\u10d4\u10da\u10d8\u10d0 \u10d1\u10d0\u10ee\u10d5\u10d8 1 \u10d3\u10d0 \u10d1\u10d0\u10ee\u10d5\u10d8 2<span class=\"more-dots\">&#8230;<\/span><\/p>","protected":false},"author":1,"featured_media":3796,"parent":0,"menu_order":0,"comment_status":"closed","ping_status":"closed","template":"","meta":{"footnotes":""},"class_list":["post-6585","page","type-page","status-publish","has-post-thumbnail","hentry"],"yoast_head":"<!-- This site is optimized with the Yoast SEO plugin v27.5 - https:\/\/yoast.com\/product\/yoast-seo-wordpress\/ -->\n<title>\u10d0\u10e0\u10e9\u10d8\u10da \u10eb\u10dc\u10d4\u10da\u10d0\u10eb\u10d4 - \u10d1\u10d0\u10ee\u10d5\u10d8\u10f0\u10d4\u10e1\u10d8<\/title>\n<meta name=\"robots\" content=\"index, follow, max-snippet:-1, max-image-preview:large, max-video-preview:-1\" \/>\n<link rel=\"canonical\" href=\"https:\/\/bakhvihpp.com\/en\/archil-dzneladze\/\" \/>\n<meta property=\"og:locale\" content=\"en_US\" \/>\n<meta property=\"og:type\" content=\"article\" \/>\n<meta property=\"og:title\" content=\"\u10d0\u10e0\u10e9\u10d8\u10da \u10eb\u10dc\u10d4\u10da\u10d0\u10eb\u10d4 - \u10d1\u10d0\u10ee\u10d5\u10d8\u10f0\u10d4\u10e1\u10d8\" \/>\n<meta property=\"og:description\" content=\"\u10d0\u10e0\u10e9\u10d8\u10da \u10eb\u10dc\u10d4\u10da\u10d0\u10eb\u10d4 &#8211; \u10d9\u10dd\u10db\u10de\u10d0\u10dc\u10d8\u10d0 \u10d1\u10d0\u10ee\u10d5\u10d8 \u10f0\u10d4\u10e1\u10d8\u10e1 \u10de\u10e0\u10dd\u10d4\u10e5\u10e2\u10d8\u10e1 \u10e2\u10d4\u10e5\u10dc\u10d8\u10d9\u10e3\u10e0\u10d8 \u10d3\u10d8\u10e0\u10d4\u10e5\u10e2\u10dd\u10e0\u10d8 \u10d1\u10d0\u10e2\u10dd\u10dc\u10db\u10d0 \u10d0\u10e0\u10e9\u10d8\u10da\u10db\u10d0 \u10d9\u10dd\u10db\u10de\u10d0\u10dc\u10d8\u10d0 \u10d1\u10d0\u10ee\u10d5\u10d8 \u10f0\u10d4\u10e1\u10e8\u10d8 \u10db\u10e3\u10e8\u10d0\u10dd\u10d1\u10d0 \u10d3\u10d0\u10d8\u10ec\u10e7\u10dd 2022 \u10ec\u10d4\u10da\u10e1. \u10d8\u10d2\u10d8 \u10de\u10d0\u10e1\u10e3\u10ee\u10d8\u10e1\u10db\u10d2\u10d4\u10d1\u10d4\u10da\u10d8\u10d0 \u10d1\u10d0\u10ee\u10d5\u10d8 1 \u10d3\u10d0 \u10d1\u10d0\u10ee\u10d5\u10d8 2...\" \/>\n<meta property=\"og:url\" content=\"https:\/\/bakhvihpp.com\/en\/archil-dzneladze\/\" \/>\n<meta property=\"og:site_name\" content=\"\u10d1\u10d0\u10ee\u10d5\u10d8\u10f0\u10d4\u10e1\u10d8\" \/>\n<meta property=\"article:modified_time\" content=\"2024-05-09T08:42:37+00:00\" \/>\n<meta property=\"og:image\" content=\"https:\/\/bakhvihpp.com\/wp-content\/uploads\/2024\/02\/IMG_20200530_091824.jpg\" \/>\n\t<meta property=\"og:image:width\" content=\"1400\" \/>\n\t<meta property=\"og:image:height\" content=\"1050\" \/>\n\t<meta property=\"og:image:type\" content=\"image\/jpeg\" \/>\n<meta name=\"twitter:card\" content=\"summary_large_image\" \/>\n<meta name=\"twitter:label1\" content=\"Est. reading time\" \/>\n\t<meta name=\"twitter:data1\" content=\"1 minute\" \/>\n<script type=\"application\/ld+json\" class=\"yoast-schema-graph\">{\"@context\":\"https:\\\/\\\/schema.org\",\"@graph\":[{\"@type\":\"WebPage\",\"@id\":\"https:\\\/\\\/bakhvihpp.com\\\/archil-dzneladze\\\/\",\"url\":\"https:\\\/\\\/bakhvihpp.com\\\/archil-dzneladze\\\/\",\"name\":\"\u10d0\u10e0\u10e9\u10d8\u10da \u10eb\u10dc\u10d4\u10da\u10d0\u10eb\u10d4 - \u10d1\u10d0\u10ee\u10d5\u10d8\u10f0\u10d4\u10e1\u10d8\",\"isPartOf\":{\"@id\":\"https:\\\/\\\/bakhvihpp.com\\\/#website\"},\"primaryImageOfPage\":{\"@id\":\"https:\\\/\\\/bakhvihpp.com\\\/archil-dzneladze\\\/#primaryimage\"},\"image\":{\"@id\":\"https:\\\/\\\/bakhvihpp.com\\\/archil-dzneladze\\\/#primaryimage\"},\"thumbnailUrl\":\"https:\\\/\\\/bakhvihpp.com\\\/wp-content\\\/uploads\\\/2024\\\/02\\\/IMG_20200530_091824.jpg\",\"datePublished\":\"2024-05-09T08:05:45+00:00\",\"dateModified\":\"2024-05-09T08:42:37+00:00\",\"breadcrumb\":{\"@id\":\"https:\\\/\\\/bakhvihpp.com\\\/archil-dzneladze\\\/#breadcrumb\"},\"inLanguage\":\"en-US\",\"potentialAction\":[{\"@type\":\"ReadAction\",\"target\":[\"https:\\\/\\\/bakhvihpp.com\\\/archil-dzneladze\\\/\"]}]},{\"@type\":\"ImageObject\",\"inLanguage\":\"en-US\",\"@id\":\"https:\\\/\\\/bakhvihpp.com\\\/archil-dzneladze\\\/#primaryimage\",\"url\":\"https:\\\/\\\/bakhvihpp.com\\\/wp-content\\\/uploads\\\/2024\\\/02\\\/IMG_20200530_091824.jpg\",\"contentUrl\":\"https:\\\/\\\/bakhvihpp.com\\\/wp-content\\\/uploads\\\/2024\\\/02\\\/IMG_20200530_091824.jpg\",\"width\":1400,\"height\":1050},{\"@type\":\"BreadcrumbList\",\"@id\":\"https:\\\/\\\/bakhvihpp.com\\\/archil-dzneladze\\\/#breadcrumb\",\"itemListElement\":[{\"@type\":\"ListItem\",\"position\":1,\"name\":\"Home\",\"item\":\"https:\\\/\\\/bakhvihpp.com\\\/\"},{\"@type\":\"ListItem\",\"position\":2,\"name\":\"\u10d0\u10e0\u10e9\u10d8\u10da \u10eb\u10dc\u10d4\u10da\u10d0\u10eb\u10d4\"}]},{\"@type\":\"WebSite\",\"@id\":\"https:\\\/\\\/bakhvihpp.com\\\/#website\",\"url\":\"https:\\\/\\\/bakhvihpp.com\\\/\",\"name\":\"Bakhvi HPP\",\"description\":\"BakhviHPP\",\"publisher\":{\"@id\":\"https:\\\/\\\/bakhvihpp.com\\\/#organization\"},\"potentialAction\":[{\"@type\":\"SearchAction\",\"target\":{\"@type\":\"EntryPoint\",\"urlTemplate\":\"https:\\\/\\\/bakhvihpp.com\\\/?s={search_term_string}\"},\"query-input\":{\"@type\":\"PropertyValueSpecification\",\"valueRequired\":true,\"valueName\":\"search_term_string\"}}],\"inLanguage\":\"en-US\"},{\"@type\":\"Organization\",\"@id\":\"https:\\\/\\\/bakhvihpp.com\\\/#organization\",\"name\":\"Bakhvi HPP\",\"url\":\"https:\\\/\\\/bakhvihpp.com\\\/\",\"logo\":{\"@type\":\"ImageObject\",\"inLanguage\":\"en-US\",\"@id\":\"https:\\\/\\\/bakhvihpp.com\\\/#\\\/schema\\\/logo\\\/image\\\/\",\"url\":\"https:\\\/\\\/bakhvihpp.com\\\/wp-content\\\/uploads\\\/2024\\\/02\\\/cropped-Untitled-4-02.png\",\"contentUrl\":\"https:\\\/\\\/bakhvihpp.com\\\/wp-content\\\/uploads\\\/2024\\\/02\\\/cropped-Untitled-4-02.png\",\"width\":4996,\"height\":2006,\"caption\":\"Bakhvi HPP\"},\"image\":{\"@id\":\"https:\\\/\\\/bakhvihpp.com\\\/#\\\/schema\\\/logo\\\/image\\\/\"}}]}<\/script>\n<!-- \/ Yoast SEO plugin. -->","yoast_head_json":{"title":"\u10d0\u10e0\u10e9\u10d8\u10da \u10eb\u10dc\u10d4\u10da\u10d0\u10eb\u10d4 - \u10d1\u10d0\u10ee\u10d5\u10d8\u10f0\u10d4\u10e1\u10d8","robots":{"index":"index","follow":"follow","max-snippet":"max-snippet:-1","max-image-preview":"max-image-preview:large","max-video-preview":"max-video-preview:-1"},"canonical":"https:\/\/bakhvihpp.com\/en\/archil-dzneladze\/","og_locale":"en_US","og_type":"article","og_title":"\u10d0\u10e0\u10e9\u10d8\u10da \u10eb\u10dc\u10d4\u10da\u10d0\u10eb\u10d4 - \u10d1\u10d0\u10ee\u10d5\u10d8\u10f0\u10d4\u10e1\u10d8","og_description":"\u10d0\u10e0\u10e9\u10d8\u10da \u10eb\u10dc\u10d4\u10da\u10d0\u10eb\u10d4 &#8211; \u10d9\u10dd\u10db\u10de\u10d0\u10dc\u10d8\u10d0 \u10d1\u10d0\u10ee\u10d5\u10d8 \u10f0\u10d4\u10e1\u10d8\u10e1 \u10de\u10e0\u10dd\u10d4\u10e5\u10e2\u10d8\u10e1 \u10e2\u10d4\u10e5\u10dc\u10d8\u10d9\u10e3\u10e0\u10d8 \u10d3\u10d8\u10e0\u10d4\u10e5\u10e2\u10dd\u10e0\u10d8 \u10d1\u10d0\u10e2\u10dd\u10dc\u10db\u10d0 \u10d0\u10e0\u10e9\u10d8\u10da\u10db\u10d0 \u10d9\u10dd\u10db\u10de\u10d0\u10dc\u10d8\u10d0 \u10d1\u10d0\u10ee\u10d5\u10d8 \u10f0\u10d4\u10e1\u10e8\u10d8 \u10db\u10e3\u10e8\u10d0\u10dd\u10d1\u10d0 \u10d3\u10d0\u10d8\u10ec\u10e7\u10dd 2022 \u10ec\u10d4\u10da\u10e1. \u10d8\u10d2\u10d8 \u10de\u10d0\u10e1\u10e3\u10ee\u10d8\u10e1\u10db\u10d2\u10d4\u10d1\u10d4\u10da\u10d8\u10d0 \u10d1\u10d0\u10ee\u10d5\u10d8 1 \u10d3\u10d0 \u10d1\u10d0\u10ee\u10d5\u10d8 2...","og_url":"https:\/\/bakhvihpp.com\/en\/archil-dzneladze\/","og_site_name":"\u10d1\u10d0\u10ee\u10d5\u10d8\u10f0\u10d4\u10e1\u10d8","article_modified_time":"2024-05-09T08:42:37+00:00","og_image":[{"width":1400,"height":1050,"url":"https:\/\/bakhvihpp.com\/wp-content\/uploads\/2024\/02\/IMG_20200530_091824.jpg","type":"image\/jpeg"}],"twitter_card":"summary_large_image","twitter_misc":{"Est. reading time":"1 minute"},"schema":{"@context":"https:\/\/schema.org","@graph":[{"@type":"WebPage","@id":"https:\/\/bakhvihpp.com\/archil-dzneladze\/","url":"https:\/\/bakhvihpp.com\/archil-dzneladze\/","name":"\u10d0\u10e0\u10e9\u10d8\u10da \u10eb\u10dc\u10d4\u10da\u10d0\u10eb\u10d4 - \u10d1\u10d0\u10ee\u10d5\u10d8\u10f0\u10d4\u10e1\u10d8","isPartOf":{"@id":"https:\/\/bakhvihpp.com\/#website"},"primaryImageOfPage":{"@id":"https:\/\/bakhvihpp.com\/archil-dzneladze\/#primaryimage"},"image":{"@id":"https:\/\/bakhvihpp.com\/archil-dzneladze\/#primaryimage"},"thumbnailUrl":"https:\/\/bakhvihpp.com\/wp-content\/uploads\/2024\/02\/IMG_20200530_091824.jpg","datePublished":"2024-05-09T08:05:45+00:00","dateModified":"2024-05-09T08:42:37+00:00","breadcrumb":{"@id":"https:\/\/bakhvihpp.com\/archil-dzneladze\/#breadcrumb"},"inLanguage":"en-US","potentialAction":[{"@type":"ReadAction","target":["https:\/\/bakhvihpp.com\/archil-dzneladze\/"]}]},{"@type":"ImageObject","inLanguage":"en-US","@id":"https:\/\/bakhvihpp.com\/archil-dzneladze\/#primaryimage","url":"https:\/\/bakhvihpp.com\/wp-content\/uploads\/2024\/02\/IMG_20200530_091824.jpg","contentUrl":"https:\/\/bakhvihpp.com\/wp-content\/uploads\/2024\/02\/IMG_20200530_091824.jpg","width":1400,"height":1050},{"@type":"BreadcrumbList","@id":"https:\/\/bakhvihpp.com\/archil-dzneladze\/#breadcrumb","itemListElement":[{"@type":"ListItem","position":1,"name":"Home","item":"https:\/\/bakhvihpp.com\/"},{"@type":"ListItem","position":2,"name":"\u10d0\u10e0\u10e9\u10d8\u10da \u10eb\u10dc\u10d4\u10da\u10d0\u10eb\u10d4"}]},{"@type":"WebSite","@id":"https:\/\/bakhvihpp.com\/#website","url":"https:\/\/bakhvihpp.com\/","name":"Bakhvi HPP","description":"BakhviHPP","publisher":{"@id":"https:\/\/bakhvihpp.com\/#organization"},"potentialAction":[{"@type":"SearchAction","target":{"@type":"EntryPoint","urlTemplate":"https:\/\/bakhvihpp.com\/?s={search_term_string}"},"query-input":{"@type":"PropertyValueSpecification","valueRequired":true,"valueName":"search_term_string"}}],"inLanguage":"en-US"},{"@type":"Organization","@id":"https:\/\/bakhvihpp.com\/#organization","name":"Bakhvi HPP","url":"https:\/\/bakhvihpp.com\/","logo":{"@type":"ImageObject","inLanguage":"en-US","@id":"https:\/\/bakhvihpp.com\/#\/schema\/logo\/image\/","url":"https:\/\/bakhvihpp.com\/wp-content\/uploads\/2024\/02\/cropped-Untitled-4-02.png","contentUrl":"https:\/\/bakhvihpp.com\/wp-content\/uploads\/2024\/02\/cropped-Untitled-4-02.png","width":4996,"height":2006,"caption":"Bakhvi HPP"},"image":{"@id":"https:\/\/bakhvihpp.com\/#\/schema\/logo\/image\/"}}]}},"_links":{"self":[{"href":"https:\/\/bakhvihpp.com\/en\/wp-json\/wp\/v2\/pages\/6585","targetHints":{"allow":["GET"]}}],"collection":[{"href":"https:\/\/bakhvihpp.com\/en\/wp-json\/wp\/v2\/pages"}],"about":[{"href":"https:\/\/bakhvihpp.com\/en\/wp-json\/wp\/v2\/types\/page"}],"author":[{"embeddable":true,"href":"https:\/\/bakhvihpp.com\/en\/wp-json\/wp\/v2\/users\/1"}],"replies":[{"embeddable":true,"href":"https:\/\/bakhvihpp.com\/en\/wp-json\/wp\/v2\/comments?post=6585"}],"version-history":[{"count":7,"href":"https:\/\/bakhvihpp.com\/en\/wp-json\/wp\/v2\/pages\/6585\/revisions"}],"predecessor-version":[{"id":6654,"href":"https:\/\/bakhvihpp.com\/en\/wp-json\/wp\/v2\/pages\/6585\/revisions\/6654"}],"wp:featuredmedia":[{"embeddable":true,"href":"https:\/\/bakhvihpp.com\/en\/wp-json\/wp\/v2\/media\/3796"}],"wp:attachment":[{"href":"https:\/\/bakhvihpp.com\/en\/wp-json\/wp\/v2\/media?parent=6585"}],"curies":[{"name":"wp","href":"https:\/\/api.w.org\/{rel}","templated":true}]}}